{"id":3283,"date":"2024-01-04T17:47:37","date_gmt":"2024-01-04T16:47:37","guid":{"rendered":"https:\/\/borntextiles.de\/imprint\/"},"modified":"2024-12-13T12:18:09","modified_gmt":"2024-12-13T11:18:09","slug":"imprint-knitting-factory-medical-knits","status":"publish","type":"page","link":"https:\/\/born-germany.de\/en\/imprint-knitting-factory-medical-knits\/","title":{"rendered":"Imprint"},"content":{"rendered":"\t\t<div data-elementor-type=\"wp-page\" data-elementor-id=\"3283\" class=\"elementor elementor-3283\" data-elementor-post-type=\"page\">\n\t\t\t\t<div class=\"elementor-element elementor-element-e1883b9 e-flex e-con-boxed e-con e-parent\" data-id=\"e1883b9\" data-element_type=\"container\" data-e-type=\"container\">\n\t\t\t\t\t<div class=\"e-con-inner\">\n\t\t\t\t<div class=\"elementor-element elementor-element-df1d0ba elementor-widget elementor-widget-heading\" data-id=\"df1d0ba\" data-element_type=\"widget\" data-e-type=\"widget\" data-widget_type=\"heading.default\">\n\t\t\t\t<div class=\"elementor-widget-container\">\n\t\t\t\t\t<h2 class=\"elementor-heading-title elementor-size-default\">Imprint<\/h2>\t\t\t\t<\/div>\n\t\t\t\t<\/div>\n\t\t\t\t<div class=\"elementor-element elementor-element-84100c7 elementor-widget__width-initial elementor-widget elementor-widget-heading\" data-id=\"84100c7\" data-element_type=\"widget\" data-e-type=\"widget\" data-settings=\"{&quot;motion_fx_motion_fx_scrolling&quot;:&quot;yes&quot;,&quot;motion_fx_opacity_effect&quot;:&quot;yes&quot;,&quot;motion_fx_opacity_range&quot;:{&quot;unit&quot;:&quot;%&quot;,&quot;size&quot;:&quot;&quot;,&quot;sizes&quot;:{&quot;start&quot;:10,&quot;end&quot;:30}},&quot;motion_fx_opacity_direction&quot;:&quot;out-in&quot;,&quot;motion_fx_opacity_level&quot;:{&quot;unit&quot;:&quot;px&quot;,&quot;size&quot;:10,&quot;sizes&quot;:[]},&quot;motion_fx_devices&quot;:[&quot;desktop&quot;,&quot;tablet&quot;,&quot;mobile&quot;]}\" data-widget_type=\"heading.default\">\n\t\t\t\t<div class=\"elementor-widget-container\">\n\t\t\t\t\t<h3 class=\"elementor-heading-title elementor-size-default\">Information according to information obligation <\/br>according to \u00a7 5 Telemediengesetz (TMG).<\/h3>\t\t\t\t<\/div>\n\t\t\t\t<\/div>\n\t\t\t\t\t<\/div>\n\t\t\t\t<\/div>\n\t\t<div class=\"elementor-element elementor-element-721d02f e-flex e-con-boxed e-con e-parent\" data-id=\"721d02f\" data-element_type=\"container\" data-e-type=\"container\">\n\t\t\t\t\t<div class=\"e-con-inner\">\n\t\t<div class=\"elementor-element elementor-element-3863474 e-con-full e-flex e-con e-child\" data-id=\"3863474\" data-element_type=\"container\" data-e-type=\"container\" data-settings=\"{&quot;background_background&quot;:&quot;classic&quot;}\">\n\t\t\t\t<div class=\"elementor-element elementor-element-63eff29 elementor-widget elementor-widget-heading\" data-id=\"63eff29\" data-element_type=\"widget\" data-e-type=\"widget\" data-widget_type=\"heading.default\">\n\t\t\t\t<div class=\"elementor-widget-container\">\n\t\t\t\t\t<p class=\"elementor-heading-title elementor-size-default\">Born GmbH<\/br> knitwear for fashion &amp; engineering<\/br> Poststra\u00dfe 4<\/br> 37351 Dingelst\u00e4dt  <\/p>\t\t\t\t<\/div>\n\t\t\t\t<\/div>\n\t\t\t\t<\/div>\n\t\t<div class=\"elementor-element elementor-element-0ecbfbf e-con-full e-flex e-con e-child\" data-id=\"0ecbfbf\" data-element_type=\"container\" data-e-type=\"container\" data-settings=\"{&quot;background_background&quot;:&quot;classic&quot;}\">\n\t\t\t\t<div class=\"elementor-element elementor-element-57906b9 elementor-widget elementor-widget-heading\" data-id=\"57906b9\" data-element_type=\"widget\" data-e-type=\"widget\" data-widget_type=\"heading.default\">\n\t\t\t\t<div class=\"elementor-widget-container\">\n\t\t\t\t\t<p class=\"elementor-heading-title elementor-size-default\">Sales tax identification number:<\/br> DE 150 379 995, M\u00fchlhausen tax office Commercial register &amp; no.:<\/br> HRB 401195<\/p>\t\t\t\t<\/div>\n\t\t\t\t<\/div>\n\t\t\t\t<\/div>\n\t\t<div class=\"elementor-element elementor-element-a536db7 e-con-full e-flex e-con e-child\" data-id=\"a536db7\" data-element_type=\"container\" data-e-type=\"container\" data-settings=\"{&quot;background_background&quot;:&quot;classic&quot;}\">\n\t\t\t\t<div class=\"elementor-element elementor-element-81c1cf3 elementor-widget elementor-widget-text-editor\" data-id=\"81c1cf3\" data-element_type=\"widget\" data-e-type=\"widget\" data-widget_type=\"text-editor.default\">\n\t\t\t\t<div class=\"elementor-widget-container\">\n\t\t\t\t\t\t\t\t\t<p>Managing Director: Michael Schneider<\/p>\n<p>Phone: +4936075 5060<br \/>E-mail: info@born-germany.de<\/p>\n\t\t\t\t\t\t\t\t<\/div>\n\t\t\t\t<\/div>\n\t\t\t\t<\/div>\n\t\t\t\t<div class=\"elementor-element elementor-element-b2d72a6 elementor-widget elementor-widget-text-editor\" data-id=\"b2d72a6\" data-element_type=\"widget\" data-e-type=\"widget\" data-widget_type=\"text-editor.default\">\n\t\t\t\t<div class=\"elementor-widget-container\">\n\t\t\t\t\t\t\t\t\t<h4 id=\"eu-streitschlichtung\" class=\"adsimple-322048836 fusion-responsive-typography-calculated\" data-fontsize=\"24\" data-lineheight=\"36px\">Disclaimer<\/h4>\n<p>The author assumes no liability for the topicality, correctness, completeness or quality of the information provided. Liability claims against the author relating to material or immaterial damage caused by the use or non-use of the information provided or by the use of incorrect or incomplete information are fundamentally excluded, unless there is evidence of wilful intent or gross negligence on the part of the author. All offers are subject to change and non-binding. The author expressly reserves the right to change, supplement or delete parts of the pages or the entire offer without prior notice or to cease publication temporarily or permanently.<\/p>\n<h3 data-fontsize=\"32\" data-lineheight=\"41.6px\"> <\/h3>\n<h4 class=\"fusion-responsive-typography-calculated\" data-fontsize=\"32\" data-lineheight=\"41.6px\">Note on external links<\/h4>\n<p>Where this website contains links to other websites, we would like to point out that we have no influence whatsoever on the design and content of the linked pages and that we do not adopt their content as our own. This applies to all external links on this page. Illegal contents were not recognizable at the time of linking. The links are regularly checked for illegal content and removed immediately in the event of legal violations. This statement applies to all links and references set within the author&#8217;s own website as well as to third-party entries in guest books, discussion forums and mailing lists set up by the author. For illegal, incorrect or incomplete contents and in particular for damages resulting from the use or non-use of such information, only the provider of the page to which reference is made is liable, not the person who merely refers to the respective publication via links.<\/p>\n<\/p>\n<h4 class=\"fusion-responsive-typography-calculated\" data-fontsize=\"32\" data-lineheight=\"41.6px\">Copyrights<\/h4>\n<p>The author endeavors to observe the copyrights of the graphics, sound documents, video sequences and texts used in all publications, to use graphics, sound documents, video sequences and texts created by himself or to use license-free graphics, sound documents, video sequences and texts. All brands and trademarks mentioned on the website and possibly protected by third parties are subject without restriction to the provisions of the applicable trademark law and the ownership rights of the respective registered owners. The mere mention of a trademark does not imply that it is not protected by third-party rights! The copyright for published objects created by the author himself remains solely with the author of the pages. Any duplication or use of objects such as images, diagrams, sounds or texts in other electronic or printed publications is not permitted without the author&#8217;s agreement.<\/p>\n<\/p>\n<h4 class=\"fusion-responsive-typography-calculated\" data-fontsize=\"32\" data-lineheight=\"41.6px\">Legal validity of this disclaimer<\/h4>\n<p>This disclaimer is to be regarded as part of the internet publication which you were referred from. If sections or individual terms of this statement are not legal or correct, the content or validity of the other parts remain uninfluenced by this fact.<\/p>\n<\/p>\n<h4 class=\"fusion-responsive-typography-calculated\" data-fontsize=\"32\" data-lineheight=\"41.6px\">Alternative dispute resolution pursuant to Art. 14 para. 1 ODR-VO and \u00a7 36 VSBG<\/h4>\n<p>The European Commission provides a platform for online dispute resolution (OS), which you can find at <a href=\"https:\/\/ec.europa.eu\/consumers\/odr\" target=\"_blank\" rel=\"noopener noreferrer\">https:\/\/ec.europa.eu\/consumers\/odr<\/a>. We are not obliged or willing to participate in dispute resolution proceedings before a consumer arbitration board.<\/p>\n<\/p>\n<h4 class=\"fusion-responsive-typography-calculated\" data-fontsize=\"32\" data-lineheight=\"41.6px\">Partners and sponsors<\/h4>\n\t\t\t\t\t\t\t\t<\/div>\n\t\t\t\t<\/div>\n\t\t\t\t<div class=\"elementor-element elementor-element-cd84ce1 elementor-widget elementor-widget-image\" data-id=\"cd84ce1\" data-element_type=\"widget\" data-e-type=\"widget\" data-widget_type=\"image.default\">\n\t\t\t\t<div class=\"elementor-widget-container\">\n\t\t\t\t\t\t\t\t\t\t\t\t\t\t\t<img fetchpriority=\"high\" decoding=\"async\" width=\"800\" height=\"368\" src=\"https:\/\/born-germany.de\/wp-content\/uploads\/2024\/02\/logo_esf_-_4c-1024x471.jpg\" class=\"attachment-large size-large wp-image-3259\" alt=\"\" srcset=\"https:\/\/born-germany.de\/wp-content\/uploads\/2024\/02\/logo_esf_-_4c-1024x471.jpg 1024w, https:\/\/born-germany.de\/wp-content\/uploads\/2024\/02\/logo_esf_-_4c-300x138.jpg 300w, https:\/\/born-germany.de\/wp-content\/uploads\/2024\/02\/logo_esf_-_4c-768x353.jpg 768w, https:\/\/born-germany.de\/wp-content\/uploads\/2024\/02\/logo_esf_-_4c.jpg 1218w\" sizes=\"(max-width: 800px) 100vw, 800px\" \/>\t\t\t\t\t\t\t\t\t\t\t\t\t\t\t<\/div>\n\t\t\t\t<\/div>\n\t\t\t\t\t<\/div>\n\t\t\t\t<\/div>\n\t\t\t\t<\/div>\n\t\t","protected":false},"excerpt":{"rendered":"<p>Imprint Information according to information obligation according to \u00a7 5 Telemediengesetz (TMG). Born GmbH knitwear for fashion &amp; engineering Poststra\u00dfe 4 37351 Dingelst\u00e4dt Sales tax identification number: DE 150 379 995, M\u00fchlhausen tax office Commercial register &amp; no.: HRB 401195 Managing Director: Michael Schneider Phone: +4936075 5060E-mail: info@born-germany.de Disclaimer The author assumes no liability for [&hellip;]<\/p>\n","protected":false},"author":1,"featured_media":0,"parent":0,"menu_order":98,"comment_status":"closed","ping_status":"closed","template":"","meta":{"footnotes":""},"class_list":["post-3283","page","type-page","status-publish","hentry"],"yoast_head":"<!-- This site is optimized with the Yoast SEO plugin v27.4 - https:\/\/yoast.com\/product\/yoast-seo-wordpress\/ -->\n<title>imprint of technical &amp; innovative knitting factory Born in germany<\/title>\n<meta name=\"description\" content=\"\u27a4 imprint of the knitting factory Born from germany \u27a4 producer of knitwear \u27a4 production of smart- &amp; e-Textiles \u27a4 manufacturer of medical bandages &amp; textiles\" \/>\n<meta name=\"robots\" content=\"index, follow, max-snippet:-1, max-image-preview:large, max-video-preview:-1\" \/>\n<link rel=\"canonical\" href=\"https:\/\/born-germany.de\/en\/imprint-knitting-factory-medical-knits\/\" \/>\n<meta property=\"og:locale\" content=\"en_US\" \/>\n<meta property=\"og:type\" content=\"article\" \/>\n<meta property=\"og:title\" content=\"imprint of technical &amp; innovative knitting factory Born in germany\" \/>\n<meta property=\"og:description\" content=\"\u27a4 imprint of the knitting factory Born from germany \u27a4 producer of knitwear \u27a4 production of smart- &amp; e-Textiles \u27a4 manufacturer of medical bandages &amp; textiles\" \/>\n<meta property=\"og:url\" content=\"https:\/\/born-germany.de\/en\/imprint-knitting-factory-medical-knits\/\" \/>\n<meta property=\"og:site_name\" content=\"Born Germany\" \/>\n<meta property=\"article:modified_time\" content=\"2024-12-13T11:18:09+00:00\" \/>\n<meta property=\"og:image\" content=\"https:\/\/born-germany.de\/wp-content\/uploads\/2024\/02\/logo_esf_-_4c-1024x471.jpg\" \/>\n<meta name=\"twitter:card\" content=\"summary_large_image\" \/>\n<meta name=\"twitter:label1\" content=\"Est. reading time\" \/>\n\t<meta name=\"twitter:data1\" content=\"4 minutes\" \/>\n<script type=\"application\/ld+json\" class=\"yoast-schema-graph\">{\"@context\":\"https:\\\/\\\/schema.org\",\"@graph\":[{\"@type\":\"WebPage\",\"@id\":\"https:\\\/\\\/born-germany.de\\\/en\\\/imprint-knitting-factory-medical-knits\\\/\",\"url\":\"https:\\\/\\\/born-germany.de\\\/en\\\/imprint-knitting-factory-medical-knits\\\/\",\"name\":\"imprint of technical & innovative knitting factory Born in germany\",\"isPartOf\":{\"@id\":\"https:\\\/\\\/born-germany.de\\\/#website\"},\"primaryImageOfPage\":{\"@id\":\"https:\\\/\\\/born-germany.de\\\/en\\\/imprint-knitting-factory-medical-knits\\\/#primaryimage\"},\"image\":{\"@id\":\"https:\\\/\\\/born-germany.de\\\/en\\\/imprint-knitting-factory-medical-knits\\\/#primaryimage\"},\"thumbnailUrl\":\"https:\\\/\\\/born-germany.de\\\/wp-content\\\/uploads\\\/2024\\\/02\\\/logo_esf_-_4c-1024x471.jpg\",\"datePublished\":\"2024-01-04T16:47:37+00:00\",\"dateModified\":\"2024-12-13T11:18:09+00:00\",\"description\":\"\u27a4 imprint of the knitting factory Born from germany \u27a4 producer of knitwear \u27a4 production of smart- & e-Textiles \u27a4 manufacturer of medical bandages & textiles\",\"breadcrumb\":{\"@id\":\"https:\\\/\\\/born-germany.de\\\/en\\\/imprint-knitting-factory-medical-knits\\\/#breadcrumb\"},\"inLanguage\":\"en-US\",\"potentialAction\":[{\"@type\":\"ReadAction\",\"target\":[\"https:\\\/\\\/born-germany.de\\\/en\\\/imprint-knitting-factory-medical-knits\\\/\"]}]},{\"@type\":\"ImageObject\",\"inLanguage\":\"en-US\",\"@id\":\"https:\\\/\\\/born-germany.de\\\/en\\\/imprint-knitting-factory-medical-knits\\\/#primaryimage\",\"url\":\"https:\\\/\\\/born-germany.de\\\/wp-content\\\/uploads\\\/2024\\\/02\\\/logo_esf_-_4c-1024x471.jpg\",\"contentUrl\":\"https:\\\/\\\/born-germany.de\\\/wp-content\\\/uploads\\\/2024\\\/02\\\/logo_esf_-_4c-1024x471.jpg\"},{\"@type\":\"BreadcrumbList\",\"@id\":\"https:\\\/\\\/born-germany.de\\\/en\\\/imprint-knitting-factory-medical-knits\\\/#breadcrumb\",\"itemListElement\":[{\"@type\":\"ListItem\",\"position\":1,\"name\":\"Startseite\",\"item\":\"https:\\\/\\\/born-germany.de\\\/en\\\/\"},{\"@type\":\"ListItem\",\"position\":2,\"name\":\"Imprint\"}]},{\"@type\":\"WebSite\",\"@id\":\"https:\\\/\\\/born-germany.de\\\/#website\",\"url\":\"https:\\\/\\\/born-germany.de\\\/\",\"name\":\"smart textiles hub\",\"description\":\"Intelligent Knitwear\",\"publisher\":{\"@id\":\"https:\\\/\\\/born-germany.de\\\/#organization\"},\"potentialAction\":[{\"@type\":\"SearchAction\",\"target\":{\"@type\":\"EntryPoint\",\"urlTemplate\":\"https:\\\/\\\/born-germany.de\\\/?s={search_term_string}\"},\"query-input\":{\"@type\":\"PropertyValueSpecification\",\"valueRequired\":true,\"valueName\":\"search_term_string\"}}],\"inLanguage\":\"en-US\"},{\"@type\":\"Organization\",\"@id\":\"https:\\\/\\\/born-germany.de\\\/#organization\",\"name\":\"smart textiles hub\",\"url\":\"https:\\\/\\\/born-germany.de\\\/\",\"logo\":{\"@type\":\"ImageObject\",\"inLanguage\":\"en-US\",\"@id\":\"https:\\\/\\\/born-germany.de\\\/#\\\/schema\\\/logo\\\/image\\\/\",\"url\":\"https:\\\/\\\/born-germany.de\\\/wp-content\\\/uploads\\\/2024\\\/01\\\/sth-signet.svg\",\"contentUrl\":\"https:\\\/\\\/born-germany.de\\\/wp-content\\\/uploads\\\/2024\\\/01\\\/sth-signet.svg\",\"width\":130,\"height\":70,\"caption\":\"smart textiles hub\"},\"image\":{\"@id\":\"https:\\\/\\\/born-germany.de\\\/#\\\/schema\\\/logo\\\/image\\\/\"}}]}<\/script>\n<!-- \/ Yoast SEO plugin. -->","yoast_head_json":{"title":"imprint of technical & innovative knitting factory Born in germany","description":"\u27a4 imprint of the knitting factory Born from germany \u27a4 producer of knitwear \u27a4 production of smart- & e-Textiles \u27a4 manufacturer of medical bandages & textiles","robots":{"index":"index","follow":"follow","max-snippet":"max-snippet:-1","max-image-preview":"max-image-preview:large","max-video-preview":"max-video-preview:-1"},"canonical":"https:\/\/born-germany.de\/en\/imprint-knitting-factory-medical-knits\/","og_locale":"en_US","og_type":"article","og_title":"imprint of technical & innovative knitting factory Born in germany","og_description":"\u27a4 imprint of the knitting factory Born from germany \u27a4 producer of knitwear \u27a4 production of smart- & e-Textiles \u27a4 manufacturer of medical bandages & textiles","og_url":"https:\/\/born-germany.de\/en\/imprint-knitting-factory-medical-knits\/","og_site_name":"Born Germany","article_modified_time":"2024-12-13T11:18:09+00:00","og_image":[{"url":"https:\/\/born-germany.de\/wp-content\/uploads\/2024\/02\/logo_esf_-_4c-1024x471.jpg","type":"","width":"","height":""}],"twitter_card":"summary_large_image","twitter_misc":{"Est. reading time":"4 minutes"},"schema":{"@context":"https:\/\/schema.org","@graph":[{"@type":"WebPage","@id":"https:\/\/born-germany.de\/en\/imprint-knitting-factory-medical-knits\/","url":"https:\/\/born-germany.de\/en\/imprint-knitting-factory-medical-knits\/","name":"imprint of technical & innovative knitting factory Born in germany","isPartOf":{"@id":"https:\/\/born-germany.de\/#website"},"primaryImageOfPage":{"@id":"https:\/\/born-germany.de\/en\/imprint-knitting-factory-medical-knits\/#primaryimage"},"image":{"@id":"https:\/\/born-germany.de\/en\/imprint-knitting-factory-medical-knits\/#primaryimage"},"thumbnailUrl":"https:\/\/born-germany.de\/wp-content\/uploads\/2024\/02\/logo_esf_-_4c-1024x471.jpg","datePublished":"2024-01-04T16:47:37+00:00","dateModified":"2024-12-13T11:18:09+00:00","description":"\u27a4 imprint of the knitting factory Born from germany \u27a4 producer of knitwear \u27a4 production of smart- & e-Textiles \u27a4 manufacturer of medical bandages & textiles","breadcrumb":{"@id":"https:\/\/born-germany.de\/en\/imprint-knitting-factory-medical-knits\/#breadcrumb"},"inLanguage":"en-US","potentialAction":[{"@type":"ReadAction","target":["https:\/\/born-germany.de\/en\/imprint-knitting-factory-medical-knits\/"]}]},{"@type":"ImageObject","inLanguage":"en-US","@id":"https:\/\/born-germany.de\/en\/imprint-knitting-factory-medical-knits\/#primaryimage","url":"https:\/\/born-germany.de\/wp-content\/uploads\/2024\/02\/logo_esf_-_4c-1024x471.jpg","contentUrl":"https:\/\/born-germany.de\/wp-content\/uploads\/2024\/02\/logo_esf_-_4c-1024x471.jpg"},{"@type":"BreadcrumbList","@id":"https:\/\/born-germany.de\/en\/imprint-knitting-factory-medical-knits\/#breadcrumb","itemListElement":[{"@type":"ListItem","position":1,"name":"Startseite","item":"https:\/\/born-germany.de\/en\/"},{"@type":"ListItem","position":2,"name":"Imprint"}]},{"@type":"WebSite","@id":"https:\/\/born-germany.de\/#website","url":"https:\/\/born-germany.de\/","name":"smart textiles hub","description":"Intelligent Knitwear","publisher":{"@id":"https:\/\/born-germany.de\/#organization"},"potentialAction":[{"@type":"SearchAction","target":{"@type":"EntryPoint","urlTemplate":"https:\/\/born-germany.de\/?s={search_term_string}"},"query-input":{"@type":"PropertyValueSpecification","valueRequired":true,"valueName":"search_term_string"}}],"inLanguage":"en-US"},{"@type":"Organization","@id":"https:\/\/born-germany.de\/#organization","name":"smart textiles hub","url":"https:\/\/born-germany.de\/","logo":{"@type":"ImageObject","inLanguage":"en-US","@id":"https:\/\/born-germany.de\/#\/schema\/logo\/image\/","url":"https:\/\/born-germany.de\/wp-content\/uploads\/2024\/01\/sth-signet.svg","contentUrl":"https:\/\/born-germany.de\/wp-content\/uploads\/2024\/01\/sth-signet.svg","width":130,"height":70,"caption":"smart textiles hub"},"image":{"@id":"https:\/\/born-germany.de\/#\/schema\/logo\/image\/"}}]}},"_links":{"self":[{"href":"https:\/\/born-germany.de\/en\/wp-json\/wp\/v2\/pages\/3283","targetHints":{"allow":["GET"]}}],"collection":[{"href":"https:\/\/born-germany.de\/en\/wp-json\/wp\/v2\/pages"}],"about":[{"href":"https:\/\/born-germany.de\/en\/wp-json\/wp\/v2\/types\/page"}],"author":[{"embeddable":true,"href":"https:\/\/born-germany.de\/en\/wp-json\/wp\/v2\/users\/1"}],"replies":[{"embeddable":true,"href":"https:\/\/born-germany.de\/en\/wp-json\/wp\/v2\/comments?post=3283"}],"version-history":[{"count":3,"href":"https:\/\/born-germany.de\/en\/wp-json\/wp\/v2\/pages\/3283\/revisions"}],"predecessor-version":[{"id":3506,"href":"https:\/\/born-germany.de\/en\/wp-json\/wp\/v2\/pages\/3283\/revisions\/3506"}],"wp:attachment":[{"href":"https:\/\/born-germany.de\/en\/wp-json\/wp\/v2\/media?parent=3283"}],"curies":[{"name":"wp","href":"https:\/\/api.w.org\/{rel}","templated":true}]}}